{"id":276,"date":"2025-07-14T10:12:09","date_gmt":"2025-07-14T10:12:09","guid":{"rendered":"https:\/\/n2fequipment.fr\/?page_id=276"},"modified":"2025-07-21T19:28:40","modified_gmt":"2025-07-21T19:28:40","slug":"technique-de-marquage","status":"publish","type":"page","link":"https:\/\/n2fequipment.fr\/?page_id=276","title":{"rendered":"Technique de marquage"},"content":{"rendered":"\t\t<div data-elementor-type=\"wp-page\" data-elementor-id=\"276\" class=\"elementor elementor-276\">\n\t\t\t\t<div class=\"elementor-element elementor-element-63d9e34 e-flex e-con-boxed e-con e-parent\" data-id=\"63d9e34\" data-element_type=\"container\" data-settings=\"{&quot;background_background&quot;:&quot;classic&quot;}\">\n\t\t\t\t\t<div class=\"e-con-inner\">\n\t\t<div class=\"elementor-element elementor-element-a42af12 e-con-full e-flex e-con e-child\" data-id=\"a42af12\" data-element_type=\"container\" data-settings=\"{&quot;background_background&quot;:&quot;classic&quot;,&quot;position&quot;:&quot;absolute&quot;}\">\n\t\t\t\t<div class=\"elementor-element elementor-element-a58603e elementor-widget elementor-widget-heading\" data-id=\"a58603e\" data-element_type=\"widget\" data-widget_type=\"heading.default\">\n\t\t\t\t<div class=\"elementor-widget-container\">\n\t\t\t\t\t<h2 class=\"elementor-heading-title elementor-size-default\">TECHNIQUE DE MARQUAGES<\/h2>\t\t\t\t<\/div>\n\t\t\t\t<\/div>\n\t\t\t\t<div class=\"elementor-element elementor-element-e8257e2 elementor-widget__width-initial elementor-widget elementor-widget-text-editor\" data-id=\"e8257e2\" data-element_type=\"widget\" data-widget_type=\"text-editor.default\">\n\t\t\t\t<div class=\"elementor-widget-container\">\n\t\t\t\t\t\t\t\t\t<p><strong>D\u00e9couvrez nos techniques de marquage textile adapt\u00e9es \u00e0 tous vos projets, du sur-mesure \u00e0 la grande s\u00e9rie.<\/strong><\/p>\t\t\t\t\t\t\t\t<\/div>\n\t\t\t\t<\/div>\n\t\t\t\t<div class=\"elementor-element elementor-element-6e37cb9 elementor-widget elementor-widget-button\" data-id=\"6e37cb9\" data-element_type=\"widget\" data-widget_type=\"button.default\">\n\t\t\t\t<div class=\"elementor-widget-container\">\n\t\t\t\t\t\t\t\t\t<div class=\"elementor-button-wrapper\">\n\t\t\t\t\t<a class=\"elementor-button elementor-button-link elementor-size-sm\" href=\"https:\/\/n2fequipment.fr\/?page_id=276\">\n\t\t\t\t\t\t<span class=\"elementor-button-content-wrapper\">\n\t\t\t\t\t\t\t\t\t<span class=\"elementor-button-text\">Demander un devis<\/span>\n\t\t\t\t\t<\/span>\n\t\t\t\t\t<\/a>\n\t\t\t\t<\/div>\n\t\t\t\t\t\t\t\t<\/div>\n\t\t\t\t<\/div>\n\t\t\t\t<\/div>\n\t\t\t\t\t<\/div>\n\t\t\t\t<\/div>\n\t\t<div class=\"elementor-element elementor-element-3aff0ad e-con-full e-flex e-con e-parent\" data-id=\"3aff0ad\" data-element_type=\"container\">\n\t\t<div class=\"elementor-element elementor-element-264e145 e-con-full e-flex elementor-invisible e-con e-child\" data-id=\"264e145\" data-element_type=\"container\" data-settings=\"{&quot;background_background&quot;:&quot;classic&quot;,&quot;animation&quot;:&quot;fadeInLeft&quot;}\">\n\t\t\t\t<\/div>\n\t\t<div class=\"elementor-element elementor-element-6d2fa3d e-con-full e-flex elementor-invisible e-con e-child\" data-id=\"6d2fa3d\" data-element_type=\"container\" data-settings=\"{&quot;background_background&quot;:&quot;classic&quot;,&quot;animation&quot;:&quot;fadeInRight&quot;}\">\n\t\t<div class=\"elementor-element elementor-element-45546a9 e-con-full icon-bg-card e-flex e-con e-child\" data-id=\"45546a9\" data-element_type=\"container\" data-settings=\"{&quot;background_background&quot;:&quot;classic&quot;,&quot;position&quot;:&quot;absolute&quot;}\">\n\t\t\t\t<\/div>\n\t\t\t\t<div class=\"elementor-element elementor-element-db42a31 elementor-widget elementor-widget-heading\" data-id=\"db42a31\" data-element_type=\"widget\" data-widget_type=\"heading.default\">\n\t\t\t\t<div class=\"elementor-widget-container\">\n\t\t\t\t\t<h2 class=\"elementor-heading-title elementor-size-default\">Broderie<\/h2>\t\t\t\t<\/div>\n\t\t\t\t<\/div>\n\t\t\t\t<div class=\"elementor-element elementor-element-4a9c269 elementor-widget__width-initial elementor-widget elementor-widget-text-editor\" data-id=\"4a9c269\" data-element_type=\"widget\" data-widget_type=\"text-editor.default\">\n\t\t\t\t<div class=\"elementor-widget-container\">\n\t\t\t\t\t\t\t\t\t<p><strong>R\u00e9sistante, \u00e9l\u00e9gante, haut de gamme id\u00e9ale pour polos, casquettes, vestes.<\/strong><\/p><p><strong>\u2028D\u00e8s 25 pi\u00e8ces (ou \u00e0 l\u2019unit\u00e9 pour certains projets)<\/strong><\/p>\t\t\t\t\t\t\t\t<\/div>\n\t\t\t\t<\/div>\n\t\t\t\t<\/div>\n\t\t\t\t<\/div>\n\t\t<div class=\"elementor-element elementor-element-dc79e99 e-con-full e-flex e-con e-parent\" data-id=\"dc79e99\" data-element_type=\"container\">\n\t\t<div class=\"elementor-element elementor-element-7e98b44 e-con-full e-flex elementor-invisible e-con e-child\" data-id=\"7e98b44\" data-element_type=\"container\" data-settings=\"{&quot;background_background&quot;:&quot;classic&quot;,&quot;animation&quot;:&quot;fadeInLeft&quot;}\">\n\t\t<div class=\"elementor-element elementor-element-7837db4 e-con-full icon-bg-card e-flex e-con e-child\" data-id=\"7837db4\" data-element_type=\"container\" data-settings=\"{&quot;background_background&quot;:&quot;classic&quot;,&quot;position&quot;:&quot;absolute&quot;}\">\n\t\t\t\t<\/div>\n\t\t\t\t<div class=\"elementor-element elementor-element-1288e88 elementor-widget elementor-widget-heading\" data-id=\"1288e88\" data-element_type=\"widget\" data-widget_type=\"heading.default\">\n\t\t\t\t<div class=\"elementor-widget-container\">\n\t\t\t\t\t<h2 class=\"elementor-heading-title elementor-size-default\">Impression numerique<\/h2>\t\t\t\t<\/div>\n\t\t\t\t<\/div>\n\t\t\t\t<div class=\"elementor-element elementor-element-ffab5a3 elementor-widget__width-initial elementor-widget elementor-widget-text-editor\" data-id=\"ffab5a3\" data-element_type=\"widget\" data-widget_type=\"text-editor.default\">\n\t\t\t\t<div class=\"elementor-widget-container\">\n\t\t\t\t\t\t\t\t\t<p><strong>Pour les visuels multicolores, photos ou d\u00e9grad\u00e9s\u2028<\/strong><\/p><p><strong>\u00c0 l\u2019unit\u00e9 ou en petite s\u00e9rie\u2028<\/strong><\/p><p><strong>Encre \u00e0 base d\u2019eau, sans sur\u00e9paisseur<\/strong><\/p>\t\t\t\t\t\t\t\t<\/div>\n\t\t\t\t<\/div>\n\t\t\t\t<\/div>\n\t\t<div class=\"elementor-element elementor-element-8ab3fcf e-con-full e-flex elementor-invisible e-con e-child\" data-id=\"8ab3fcf\" data-element_type=\"container\" data-settings=\"{&quot;background_background&quot;:&quot;classic&quot;,&quot;animation&quot;:&quot;fadeInRight&quot;}\">\n\t\t\t\t<\/div>\n\t\t\t\t<\/div>\n\t\t<div class=\"elementor-element elementor-element-86b5eb3 e-con-full e-flex e-con e-parent\" data-id=\"86b5eb3\" data-element_type=\"container\">\n\t\t<div class=\"elementor-element elementor-element-ab15a79 e-con-full e-flex elementor-invisible e-con e-child\" data-id=\"ab15a79\" data-element_type=\"container\" data-settings=\"{&quot;background_background&quot;:&quot;classic&quot;,&quot;animation&quot;:&quot;fadeInLeft&quot;}\">\n\t\t\t\t<\/div>\n\t\t<div class=\"elementor-element elementor-element-825e5f4 e-con-full e-flex elementor-invisible e-con e-child\" data-id=\"825e5f4\" data-element_type=\"container\" data-settings=\"{&quot;background_background&quot;:&quot;classic&quot;,&quot;animation&quot;:&quot;fadeInRight&quot;}\">\n\t\t<div class=\"elementor-element elementor-element-a65c2b7 e-con-full icon-bg-card e-flex e-con e-child\" data-id=\"a65c2b7\" data-element_type=\"container\" data-settings=\"{&quot;background_background&quot;:&quot;classic&quot;,&quot;position&quot;:&quot;absolute&quot;}\">\n\t\t\t\t<\/div>\n\t\t\t\t<div class=\"elementor-element elementor-element-810d33a elementor-widget elementor-widget-heading\" data-id=\"810d33a\" data-element_type=\"widget\" data-widget_type=\"heading.default\">\n\t\t\t\t<div class=\"elementor-widget-container\">\n\t\t\t\t\t<h2 class=\"elementor-heading-title elementor-size-default\">Flocage &amp; Transfert DTF<\/h2>\t\t\t\t<\/div>\n\t\t\t\t<\/div>\n\t\t\t\t<div class=\"elementor-element elementor-element-1f54e94 elementor-widget__width-initial elementor-widget elementor-widget-text-editor\" data-id=\"1f54e94\" data-element_type=\"widget\" data-widget_type=\"text-editor.default\">\n\t\t\t\t<div class=\"elementor-widget-container\">\n\t\t\t\t\t\t\t\t\t<p><strong>Tr\u00e8s bon rendu visuel pour les logos complexes\u2028<\/strong><\/p><p><strong>Id\u00e9al pour les commandes petites ou moyennes\u2028<\/strong><\/p><p><strong>Effet lisse ou vinyle, couleurs pr\u00e9cises<\/strong><\/p>\t\t\t\t\t\t\t\t<\/div>\n\t\t\t\t<\/div>\n\t\t\t\t<\/div>\n\t\t\t\t<\/div>\n\t\t<div class=\"elementor-element elementor-element-c8c2aa1 e-con-full e-flex e-con e-parent\" data-id=\"c8c2aa1\" data-element_type=\"container\">\n\t\t<div class=\"elementor-element elementor-element-17ff1bc e-con-full e-flex elementor-invisible e-con e-child\" data-id=\"17ff1bc\" data-element_type=\"container\" data-settings=\"{&quot;background_background&quot;:&quot;classic&quot;,&quot;animation&quot;:&quot;fadeInLeft&quot;}\">\n\t\t<div class=\"elementor-element elementor-element-4061cf5 e-con-full icon-bg-card e-flex e-con e-child\" data-id=\"4061cf5\" data-element_type=\"container\" data-settings=\"{&quot;background_background&quot;:&quot;classic&quot;,&quot;position&quot;:&quot;absolute&quot;}\">\n\t\t\t\t<\/div>\n\t\t\t\t<div class=\"elementor-element elementor-element-4742646 elementor-widget elementor-widget-heading\" data-id=\"4742646\" data-element_type=\"widget\" data-widget_type=\"heading.default\">\n\t\t\t\t<div class=\"elementor-widget-container\">\n\t\t\t\t\t<h2 class=\"elementor-heading-title elementor-size-default\">S\u00e9rigraphie<\/h2>\t\t\t\t<\/div>\n\t\t\t\t<\/div>\n\t\t\t\t<div class=\"elementor-element elementor-element-d653fbd elementor-widget__width-initial elementor-widget elementor-widget-text-editor\" data-id=\"d653fbd\" data-element_type=\"widget\" data-widget_type=\"text-editor.default\">\n\t\t\t\t<div class=\"elementor-widget-container\">\n\t\t\t\t\t\t\t\t\t<p><strong>Parfaite pour les grandes quantit\u00e9s\u2028<\/strong><\/p><p><strong>Couleurs vives, tenue exceptionnelle\u2028<\/strong><\/p><p><strong>\u00c9conomique d\u00e8s 50 pi\u00e8ces<\/strong><\/p>\t\t\t\t\t\t\t\t<\/div>\n\t\t\t\t<\/div>\n\t\t\t\t<\/div>\n\t\t<div class=\"elementor-element elementor-element-c7454b2 e-con-full e-flex elementor-invisible e-con e-child\" data-id=\"c7454b2\" data-element_type=\"container\" data-settings=\"{&quot;background_background&quot;:&quot;classic&quot;,&quot;animation&quot;:&quot;fadeInRight&quot;}\">\n\t\t\t\t<\/div>\n\t\t\t\t<\/div>\n\t\t<div class=\"elementor-element elementor-element-bc5f4ca e-con-full e-flex e-con e-parent\" data-id=\"bc5f4ca\" data-element_type=\"container\">\n\t\t<div class=\"elementor-element elementor-element-1604773 e-con-full e-flex elementor-invisible e-con e-child\" data-id=\"1604773\" data-element_type=\"container\" data-settings=\"{&quot;background_background&quot;:&quot;classic&quot;,&quot;animation&quot;:&quot;fadeInLeft&quot;}\">\n\t\t\t\t<\/div>\n\t\t<div class=\"elementor-element elementor-element-2f07597 e-con-full e-flex elementor-invisible e-con e-child\" data-id=\"2f07597\" data-element_type=\"container\" data-settings=\"{&quot;background_background&quot;:&quot;classic&quot;,&quot;animation&quot;:&quot;fadeInRight&quot;}\">\n\t\t<div class=\"elementor-element elementor-element-b44d34a e-con-full icon-bg-card e-flex e-con e-child\" data-id=\"b44d34a\" data-element_type=\"container\" data-settings=\"{&quot;background_background&quot;:&quot;classic&quot;,&quot;position&quot;:&quot;absolute&quot;}\">\n\t\t\t\t<\/div>\n\t\t\t\t<div class=\"elementor-element elementor-element-d3ca25e elementor-widget elementor-widget-heading\" data-id=\"d3ca25e\" data-element_type=\"widget\" data-widget_type=\"heading.default\">\n\t\t\t\t<div class=\"elementor-widget-container\">\n\t\t\t\t\t<h2 class=\"elementor-heading-title elementor-size-default\">Sublimation<\/h2>\t\t\t\t<\/div>\n\t\t\t\t<\/div>\n\t\t\t\t<div class=\"elementor-element elementor-element-c951a5b elementor-widget__width-initial elementor-widget elementor-widget-text-editor\" data-id=\"c951a5b\" data-element_type=\"widget\" data-widget_type=\"text-editor.default\">\n\t\t\t\t<div class=\"elementor-widget-container\">\n\t\t\t\t\t\t\t\t\t<p><strong>Pour les textiles polyester (v\u00eatements de sport)<\/strong><\/p><p><strong>\u2028Objets personnalis\u00e9s : mugs, gourdes, puzzles\u2026<\/strong><\/p>\t\t\t\t\t\t\t\t<\/div>\n\t\t\t\t<\/div>\n\t\t\t\t<\/div>\n\t\t\t\t<\/div>\n\t\t\t\t<\/div>\n\t\t","protected":false},"excerpt":{"rendered":"<p>TECHNIQUE DE MARQUAGES D\u00e9couvrez nos techniques de marquage textile adapt\u00e9es \u00e0 tous vos projets, du sur-mesure \u00e0 la grande s\u00e9rie. Demander un devis Broderie R\u00e9sistante,&hellip;<\/p>\n","protected":false},"author":1,"featured_media":0,"parent":0,"menu_order":0,"comment_status":"closed","ping_status":"closed","template":"","meta":{"footnotes":""},"class_list":["post-276","page","type-page","status-publish","hentry"],"yoast_head":"<!-- This site is optimized with the Yoast SEO plugin v25.3.1 - https:\/\/yoast.com\/wordpress\/plugins\/seo\/ -->\n<title>Technique de marquage -<\/title>\n<meta name=\"robots\" content=\"index, follow, max-snippet:-1, max-image-preview:large, max-video-preview:-1\" \/>\n<link rel=\"canonical\" href=\"https:\/\/n2fequipment.fr\/?page_id=276\" \/>\n<meta property=\"og:locale\" content=\"fr_FR\" \/>\n<meta property=\"og:type\" content=\"article\" \/>\n<meta property=\"og:title\" content=\"Technique de marquage -\" \/>\n<meta property=\"og:description\" content=\"TECHNIQUE DE MARQUAGES D\u00e9couvrez nos techniques de marquage textile adapt\u00e9es \u00e0 tous vos projets, du sur-mesure \u00e0 la grande s\u00e9rie. Demander un devis Broderie R\u00e9sistante,&hellip;\" \/>\n<meta property=\"og:url\" content=\"https:\/\/n2fequipment.fr\/?page_id=276\" \/>\n<meta property=\"article:modified_time\" content=\"2025-07-21T19:28:40+00:00\" \/>\n<meta name=\"twitter:card\" content=\"summary_large_image\" \/>\n<meta name=\"twitter:label1\" content=\"Dur\u00e9e de lecture estim\u00e9e\" \/>\n\t<meta name=\"twitter:data1\" content=\"1 minute\" \/>\n<script type=\"application\/ld+json\" class=\"yoast-schema-graph\">{\"@context\":\"https:\/\/schema.org\",\"@graph\":[{\"@type\":\"WebPage\",\"@id\":\"https:\/\/n2fequipment.fr\/?page_id=276\",\"url\":\"https:\/\/n2fequipment.fr\/?page_id=276\",\"name\":\"Technique de marquage -\",\"isPartOf\":{\"@id\":\"https:\/\/n2fequipment.fr\/#website\"},\"datePublished\":\"2025-07-14T10:12:09+00:00\",\"dateModified\":\"2025-07-21T19:28:40+00:00\",\"breadcrumb\":{\"@id\":\"https:\/\/n2fequipment.fr\/?page_id=276#breadcrumb\"},\"inLanguage\":\"fr-FR\",\"potentialAction\":[{\"@type\":\"ReadAction\",\"target\":[\"https:\/\/n2fequipment.fr\/?page_id=276\"]}]},{\"@type\":\"BreadcrumbList\",\"@id\":\"https:\/\/n2fequipment.fr\/?page_id=276#breadcrumb\",\"itemListElement\":[{\"@type\":\"ListItem\",\"position\":1,\"name\":\"Accueil\",\"item\":\"https:\/\/n2fequipment.fr\/\"},{\"@type\":\"ListItem\",\"position\":2,\"name\":\"Technique de marquage\"}]},{\"@type\":\"WebSite\",\"@id\":\"https:\/\/n2fequipment.fr\/#website\",\"url\":\"https:\/\/n2fequipment.fr\/\",\"name\":\"\",\"description\":\"\",\"potentialAction\":[{\"@type\":\"SearchAction\",\"target\":{\"@type\":\"EntryPoint\",\"urlTemplate\":\"https:\/\/n2fequipment.fr\/?s={search_term_string}\"},\"query-input\":{\"@type\":\"PropertyValueSpecification\",\"valueRequired\":true,\"valueName\":\"search_term_string\"}}],\"inLanguage\":\"fr-FR\"}]}<\/script>\n<!-- \/ Yoast SEO plugin. -->","yoast_head_json":{"title":"Technique de marquage -","robots":{"index":"index","follow":"follow","max-snippet":"max-snippet:-1","max-image-preview":"max-image-preview:large","max-video-preview":"max-video-preview:-1"},"canonical":"https:\/\/n2fequipment.fr\/?page_id=276","og_locale":"fr_FR","og_type":"article","og_title":"Technique de marquage -","og_description":"TECHNIQUE DE MARQUAGES D\u00e9couvrez nos techniques de marquage textile adapt\u00e9es \u00e0 tous vos projets, du sur-mesure \u00e0 la grande s\u00e9rie. Demander un devis Broderie R\u00e9sistante,&hellip;","og_url":"https:\/\/n2fequipment.fr\/?page_id=276","article_modified_time":"2025-07-21T19:28:40+00:00","twitter_card":"summary_large_image","twitter_misc":{"Dur\u00e9e de lecture estim\u00e9e":"1 minute"},"schema":{"@context":"https:\/\/schema.org","@graph":[{"@type":"WebPage","@id":"https:\/\/n2fequipment.fr\/?page_id=276","url":"https:\/\/n2fequipment.fr\/?page_id=276","name":"Technique de marquage -","isPartOf":{"@id":"https:\/\/n2fequipment.fr\/#website"},"datePublished":"2025-07-14T10:12:09+00:00","dateModified":"2025-07-21T19:28:40+00:00","breadcrumb":{"@id":"https:\/\/n2fequipment.fr\/?page_id=276#breadcrumb"},"inLanguage":"fr-FR","potentialAction":[{"@type":"ReadAction","target":["https:\/\/n2fequipment.fr\/?page_id=276"]}]},{"@type":"BreadcrumbList","@id":"https:\/\/n2fequipment.fr\/?page_id=276#breadcrumb","itemListElement":[{"@type":"ListItem","position":1,"name":"Accueil","item":"https:\/\/n2fequipment.fr\/"},{"@type":"ListItem","position":2,"name":"Technique de marquage"}]},{"@type":"WebSite","@id":"https:\/\/n2fequipment.fr\/#website","url":"https:\/\/n2fequipment.fr\/","name":"","description":"","potentialAction":[{"@type":"SearchAction","target":{"@type":"EntryPoint","urlTemplate":"https:\/\/n2fequipment.fr\/?s={search_term_string}"},"query-input":{"@type":"PropertyValueSpecification","valueRequired":true,"valueName":"search_term_string"}}],"inLanguage":"fr-FR"}]}},"_links":{"self":[{"href":"https:\/\/n2fequipment.fr\/index.php?rest_route=\/wp\/v2\/pages\/276","targetHints":{"allow":["GET"]}}],"collection":[{"href":"https:\/\/n2fequipment.fr\/index.php?rest_route=\/wp\/v2\/pages"}],"about":[{"href":"https:\/\/n2fequipment.fr\/index.php?rest_route=\/wp\/v2\/types\/page"}],"author":[{"embeddable":true,"href":"https:\/\/n2fequipment.fr\/index.php?rest_route=\/wp\/v2\/users\/1"}],"replies":[{"embeddable":true,"href":"https:\/\/n2fequipment.fr\/index.php?rest_route=%2Fwp%2Fv2%2Fcomments&post=276"}],"version-history":[{"count":55,"href":"https:\/\/n2fequipment.fr\/index.php?rest_route=\/wp\/v2\/pages\/276\/revisions"}],"predecessor-version":[{"id":443,"href":"https:\/\/n2fequipment.fr\/index.php?rest_route=\/wp\/v2\/pages\/276\/revisions\/443"}],"wp:attachment":[{"href":"https:\/\/n2fequipment.fr\/index.php?rest_route=%2Fwp%2Fv2%2Fmedia&parent=276"}],"curies":[{"name":"wp","href":"https:\/\/api.w.org\/{rel}","templated":true}]}}