{"id":426,"date":"2025-07-21T19:21:45","date_gmt":"2025-07-21T19:21:45","guid":{"rendered":"https:\/\/n2fequipment.fr\/?page_id=426"},"modified":"2025-07-21T19:26:16","modified_gmt":"2025-07-21T19:26:16","slug":"a-propos","status":"publish","type":"page","link":"https:\/\/n2fequipment.fr\/?page_id=426","title":{"rendered":"A propos"},"content":{"rendered":"\t\t<div data-elementor-type=\"wp-page\" data-elementor-id=\"426\" class=\"elementor elementor-426\">\n\t\t\t\t<div class=\"elementor-element elementor-element-51b0e44c e-flex e-con-boxed e-con e-parent\" data-id=\"51b0e44c\" data-element_type=\"container\" data-settings=\"{&quot;background_background&quot;:&quot;slideshow&quot;,&quot;background_slideshow_gallery&quot;:[{&quot;id&quot;:290,&quot;url&quot;:&quot;https:\\\/\\\/n2fequipment.fr\\\/wp-content\\\/uploads\\\/2025\\\/07\\\/2dd07644-acb1-4ff9-a0a1-519cd2783aa9.jpg&quot;}],&quot;background_slideshow_loop&quot;:&quot;yes&quot;,&quot;background_slideshow_slide_duration&quot;:5000,&quot;background_slideshow_slide_transition&quot;:&quot;fade&quot;,&quot;background_slideshow_transition_duration&quot;:500}\">\n\t\t\t\t\t<div class=\"e-con-inner\">\n\t\t\t\t<div class=\"elementor-element elementor-element-69cefec2 elementor-widget elementor-widget-spacer\" data-id=\"69cefec2\" data-element_type=\"widget\" data-widget_type=\"spacer.default\">\n\t\t\t\t<div class=\"elementor-widget-container\">\n\t\t\t\t\t\t\t<div class=\"elementor-spacer\">\n\t\t\t<div class=\"elementor-spacer-inner\"><\/div>\n\t\t<\/div>\n\t\t\t\t\t\t<\/div>\n\t\t\t\t<\/div>\n\t\t\t\t<div class=\"elementor-element elementor-element-18807be2 elementor-invisible elementor-widget elementor-widget-heading\" data-id=\"18807be2\" data-element_type=\"widget\" data-settings=\"{&quot;_animation&quot;:&quot;fadeIn&quot;}\" data-widget_type=\"heading.default\">\n\t\t\t\t<div class=\"elementor-widget-container\">\n\t\t\t\t\t<h1 class=\"elementor-heading-title elementor-size-default\">Qui sommes nous ?<\/h1>\t\t\t\t<\/div>\n\t\t\t\t<\/div>\n\t\t\t\t<div class=\"elementor-element elementor-element-70ba221 elementor-invisible elementor-widget elementor-widget-heading\" data-id=\"70ba221\" data-element_type=\"widget\" data-settings=\"{&quot;_animation&quot;:&quot;fadeIn&quot;}\" data-widget_type=\"heading.default\">\n\t\t\t\t<div class=\"elementor-widget-container\">\n\t\t\t\t\t<h2 class=\"elementor-heading-title elementor-size-default\">D\u00e9couvrez nos solutions adapt\u00e9es \u00e0 vos besoins<\/h2>\t\t\t\t<\/div>\n\t\t\t\t<\/div>\n\t\t\t\t<div class=\"elementor-element elementor-element-41104ed1 elementor-hidden-tablet elementor-hidden-mobile elementor-widget elementor-widget-spacer\" data-id=\"41104ed1\" data-element_type=\"widget\" data-widget_type=\"spacer.default\">\n\t\t\t\t<div class=\"elementor-widget-container\">\n\t\t\t\t\t\t\t<div class=\"elementor-spacer\">\n\t\t\t<div class=\"elementor-spacer-inner\"><\/div>\n\t\t<\/div>\n\t\t\t\t\t\t<\/div>\n\t\t\t\t<\/div>\n\t\t<div class=\"elementor-element elementor-element-3249fb7e e-con-full e-flex e-con e-child\" data-id=\"3249fb7e\" data-element_type=\"container\">\n\t\t<div class=\"elementor-element elementor-element-4e64a35a animated-slow e-flex e-con-boxed elementor-invisible e-con e-child\" data-id=\"4e64a35a\" data-element_type=\"container\" data-settings=\"{&quot;background_background&quot;:&quot;classic&quot;,&quot;animation&quot;:&quot;fadeInDown&quot;}\">\n\t\t\t\t\t<div class=\"e-con-inner\">\n\t\t\t\t<div class=\"elementor-element elementor-element-9384da7 elementor-widget elementor-widget-heading\" data-id=\"9384da7\" data-element_type=\"widget\" data-widget_type=\"heading.default\">\n\t\t\t\t<div class=\"elementor-widget-container\">\n\t\t\t\t\t<h2 class=\"elementor-heading-title elementor-size-default\">Fabrication fran\u00e7aise<\/h2>\t\t\t\t<\/div>\n\t\t\t\t<\/div>\n\t\t\t\t<div class=\"elementor-element elementor-element-6e86d977 elementor-widget elementor-widget-image\" data-id=\"6e86d977\" data-element_type=\"widget\" data-widget_type=\"image.default\">\n\t\t\t\t<div class=\"elementor-widget-container\">\n\t\t\t\t\t\t\t\t\t\t\t\t\t\t\t<img decoding=\"async\" width=\"150\" height=\"150\" src=\"https:\/\/n2fequipment.fr\/wp-content\/uploads\/2025\/06\/aaa6c857-2553-44d7-8dab-715f1c34d040-150x150.png\" class=\"attachment-thumbnail size-thumbnail wp-image-22\" alt=\"\" srcset=\"https:\/\/n2fequipment.fr\/wp-content\/uploads\/2025\/06\/aaa6c857-2553-44d7-8dab-715f1c34d040-150x150.png 150w, https:\/\/n2fequipment.fr\/wp-content\/uploads\/2025\/06\/aaa6c857-2553-44d7-8dab-715f1c34d040-300x300.png 300w, https:\/\/n2fequipment.fr\/wp-content\/uploads\/2025\/06\/aaa6c857-2553-44d7-8dab-715f1c34d040-768x768.png 768w, https:\/\/n2fequipment.fr\/wp-content\/uploads\/2025\/06\/elementor\/thumbs\/aaa6c857-2553-44d7-8dab-715f1c34d040-r7qtbhf4anhauqchuwdf1itcvy2x5fux98kaocuq3y.png 75w, https:\/\/n2fequipment.fr\/wp-content\/uploads\/2025\/06\/aaa6c857-2553-44d7-8dab-715f1c34d040.png 1024w\" sizes=\"(max-width: 150px) 100vw, 150px\" \/>\t\t\t\t\t\t\t\t\t\t\t\t\t\t\t<\/div>\n\t\t\t\t<\/div>\n\t\t\t\t<div class=\"elementor-element elementor-element-696915e7 elementor-widget__width-initial elementor-widget-mobile__width-initial elementor-widget elementor-widget-text-editor\" data-id=\"696915e7\" data-element_type=\"widget\" data-widget_type=\"text-editor.default\">\n\t\t\t\t<div class=\"elementor-widget-container\">\n\t\t\t\t\t\t\t\t\t<p>Cras quis wisi ut lorem posuere tristique. Nunc vestibulum scelerisque nulla. Suspendisse pharetra sollicitudin ante. Praesent at augue sit amet ante interdum porta. Nunc bibendum augue luctus diam. Etiam nec sem. Sed eros turpis, facilisis nec, vehicula vitae, aliquam sed, nulla. Curabitur justo leo, vestibulum eget, tristique ut, tempus at, nisl.<\/p>\t\t\t\t\t\t\t\t<\/div>\n\t\t\t\t<\/div>\n\t\t\t\t\t<\/div>\n\t\t\t\t<\/div>\n\t\t<div class=\"elementor-element elementor-element-2753d1b animated-slow e-flex e-con-boxed elementor-invisible e-con e-child\" data-id=\"2753d1b\" data-element_type=\"container\" data-settings=\"{&quot;background_background&quot;:&quot;classic&quot;,&quot;animation&quot;:&quot;fadeInDown&quot;,&quot;animation_delay&quot;:200}\">\n\t\t\t\t\t<div class=\"e-con-inner\">\n\t\t\t\t<div class=\"elementor-element elementor-element-6a0be2a2 elementor-widget elementor-widget-heading\" data-id=\"6a0be2a2\" data-element_type=\"widget\" data-widget_type=\"heading.default\">\n\t\t\t\t<div class=\"elementor-widget-container\">\n\t\t\t\t\t<h2 class=\"elementor-heading-title elementor-size-default\">Delais de traitement rapide<\/h2>\t\t\t\t<\/div>\n\t\t\t\t<\/div>\n\t\t\t\t<div class=\"elementor-element elementor-element-37962e41 elementor-widget elementor-widget-image\" data-id=\"37962e41\" data-element_type=\"widget\" data-widget_type=\"image.default\">\n\t\t\t\t<div class=\"elementor-widget-container\">\n\t\t\t\t\t\t\t\t\t\t\t\t\t\t\t<img decoding=\"async\" width=\"150\" height=\"150\" src=\"https:\/\/n2fequipment.fr\/wp-content\/uploads\/2025\/06\/17ecca0e-fd4b-4d29-936d-de634f31edea-150x150.png\" class=\"attachment-thumbnail size-thumbnail wp-image-24\" alt=\"\" srcset=\"https:\/\/n2fequipment.fr\/wp-content\/uploads\/2025\/06\/17ecca0e-fd4b-4d29-936d-de634f31edea-150x150.png 150w, https:\/\/n2fequipment.fr\/wp-content\/uploads\/2025\/06\/17ecca0e-fd4b-4d29-936d-de634f31edea-300x300.png 300w, https:\/\/n2fequipment.fr\/wp-content\/uploads\/2025\/06\/17ecca0e-fd4b-4d29-936d-de634f31edea-768x768.png 768w, https:\/\/n2fequipment.fr\/wp-content\/uploads\/2025\/06\/elementor\/thumbs\/17ecca0e-fd4b-4d29-936d-de634f31edea-r7qtcak46il6un664qyuotgnaw3as22lp8scjxnir2.png 75w, https:\/\/n2fequipment.fr\/wp-content\/uploads\/2025\/06\/17ecca0e-fd4b-4d29-936d-de634f31edea.png 1024w\" sizes=\"(max-width: 150px) 100vw, 150px\" \/>\t\t\t\t\t\t\t\t\t\t\t\t\t\t\t<\/div>\n\t\t\t\t<\/div>\n\t\t\t\t<div class=\"elementor-element elementor-element-719f059a elementor-widget__width-initial elementor-widget-mobile__width-initial elementor-widget elementor-widget-text-editor\" data-id=\"719f059a\" data-element_type=\"widget\" data-widget_type=\"text-editor.default\">\n\t\t\t\t<div class=\"elementor-widget-container\">\n\t\t\t\t\t\t\t\t\t<p>Cras quis wisi ut lorem posuere tristique. Nunc vestibulum scelerisque nulla. Suspendisse pharetra sollicitudin ante. Praesent at augue sit amet ante interdum porta. Nunc bibendum augue luctus diam. Etiam nec sem. Sed eros turpis, facilisis nec, vehicula vitae, aliquam sed, nulla. Curabitur justo leo, vestibulum eget, tristique ut, tempus at, nisl.<\/p>\t\t\t\t\t\t\t\t<\/div>\n\t\t\t\t<\/div>\n\t\t\t\t\t<\/div>\n\t\t\t\t<\/div>\n\t\t<div class=\"elementor-element elementor-element-6c05c326 animated-slow e-flex e-con-boxed elementor-invisible e-con e-child\" data-id=\"6c05c326\" data-element_type=\"container\" data-settings=\"{&quot;background_background&quot;:&quot;classic&quot;,&quot;animation&quot;:&quot;fadeInDown&quot;,&quot;animation_delay&quot;:400}\">\n\t\t\t\t\t<div class=\"e-con-inner\">\n\t\t\t\t<div class=\"elementor-element elementor-element-34cc54a6 elementor-widget elementor-widget-heading\" data-id=\"34cc54a6\" data-element_type=\"widget\" data-widget_type=\"heading.default\">\n\t\t\t\t<div class=\"elementor-widget-container\">\n\t\t\t\t\t<h2 class=\"elementor-heading-title elementor-size-default\">Suivie et accompagnement<\/h2>\t\t\t\t<\/div>\n\t\t\t\t<\/div>\n\t\t\t\t<div class=\"elementor-element elementor-element-a19f748 elementor-widget elementor-widget-image\" data-id=\"a19f748\" data-element_type=\"widget\" data-widget_type=\"image.default\">\n\t\t\t\t<div class=\"elementor-widget-container\">\n\t\t\t\t\t\t\t\t\t\t\t\t\t\t\t<img decoding=\"async\" width=\"150\" height=\"150\" src=\"https:\/\/n2fequipment.fr\/wp-content\/uploads\/2025\/06\/24141a51-165c-4eb2-bbc7-c642cb38edac-150x150.png\" class=\"attachment-thumbnail size-thumbnail wp-image-27\" alt=\"\" srcset=\"https:\/\/n2fequipment.fr\/wp-content\/uploads\/2025\/06\/24141a51-165c-4eb2-bbc7-c642cb38edac-150x150.png 150w, https:\/\/n2fequipment.fr\/wp-content\/uploads\/2025\/06\/24141a51-165c-4eb2-bbc7-c642cb38edac-300x300.png 300w, https:\/\/n2fequipment.fr\/wp-content\/uploads\/2025\/06\/24141a51-165c-4eb2-bbc7-c642cb38edac-768x768.png 768w, https:\/\/n2fequipment.fr\/wp-content\/uploads\/2025\/06\/elementor\/thumbs\/24141a51-165c-4eb2-bbc7-c642cb38edac-r7qtd6immvsxtdvqy4s61lebhzps1rlh5myuvcc4vi.png 75w, https:\/\/n2fequipment.fr\/wp-content\/uploads\/2025\/06\/24141a51-165c-4eb2-bbc7-c642cb38edac.png 1024w\" sizes=\"(max-width: 150px) 100vw, 150px\" \/>\t\t\t\t\t\t\t\t\t\t\t\t\t\t\t<\/div>\n\t\t\t\t<\/div>\n\t\t\t\t<div class=\"elementor-element elementor-element-71710d0b elementor-widget__width-initial elementor-widget-mobile__width-initial elementor-widget elementor-widget-text-editor\" data-id=\"71710d0b\" data-element_type=\"widget\" data-widget_type=\"text-editor.default\">\n\t\t\t\t<div class=\"elementor-widget-container\">\n\t\t\t\t\t\t\t\t\t<p>Cras quis wisi ut lorem posuere tristique. Nunc vestibulum scelerisque nulla. Suspendisse pharetra sollicitudin ante. Praesent at augue sit amet ante interdum porta. Nunc bibendum augue luctus diam. Etiam nec sem. Sed eros turpis, facilisis nec, vehicula vitae, aliquam sed, nulla. Curabitur justo leo, vestibulum eget, tristique ut, tempus at, nisl.<\/p>\t\t\t\t\t\t\t\t<\/div>\n\t\t\t\t<\/div>\n\t\t\t\t\t<\/div>\n\t\t\t\t<\/div>\n\t\t\t\t<\/div>\n\t\t\t\t\t<\/div>\n\t\t\t\t<\/div>\n\t\t\t\t<\/div>\n\t\t","protected":false},"excerpt":{"rendered":"<p>Qui sommes nous ? D\u00e9couvrez nos solutions adapt\u00e9es \u00e0 vos besoins Fabrication fran\u00e7aise Cras quis wisi ut lorem posuere tristique. Nunc vestibulum scelerisque nulla. Suspendisse&hellip;<\/p>\n","protected":false},"author":1,"featured_media":0,"parent":0,"menu_order":0,"comment_status":"closed","ping_status":"closed","template":"","meta":{"footnotes":""},"class_list":["post-426","page","type-page","status-publish","hentry"],"yoast_head":"<!-- This site is optimized with the Yoast SEO plugin v25.3.1 - https:\/\/yoast.com\/wordpress\/plugins\/seo\/ -->\n<title>A propos -<\/title>\n<meta name=\"robots\" content=\"index, follow, max-snippet:-1, max-image-preview:large, max-video-preview:-1\" \/>\n<link rel=\"canonical\" href=\"https:\/\/n2fequipment.fr\/?page_id=426\" \/>\n<meta property=\"og:locale\" content=\"fr_FR\" \/>\n<meta property=\"og:type\" content=\"article\" \/>\n<meta property=\"og:title\" content=\"A propos -\" \/>\n<meta property=\"og:description\" content=\"Qui sommes nous ? D\u00e9couvrez nos solutions adapt\u00e9es \u00e0 vos besoins Fabrication fran\u00e7aise Cras quis wisi ut lorem posuere tristique. Nunc vestibulum scelerisque nulla. Suspendisse&hellip;\" \/>\n<meta property=\"og:url\" content=\"https:\/\/n2fequipment.fr\/?page_id=426\" \/>\n<meta property=\"article:modified_time\" content=\"2025-07-21T19:26:16+00:00\" \/>\n<meta property=\"og:image\" content=\"https:\/\/n2fequipment.fr\/wp-content\/uploads\/2025\/06\/aaa6c857-2553-44d7-8dab-715f1c34d040.png\" \/>\n\t<meta property=\"og:image:width\" content=\"1024\" \/>\n\t<meta property=\"og:image:height\" content=\"1024\" \/>\n\t<meta property=\"og:image:type\" content=\"image\/png\" \/>\n<meta name=\"twitter:card\" content=\"summary_large_image\" \/>\n<meta name=\"twitter:label1\" content=\"Dur\u00e9e de lecture estim\u00e9e\" \/>\n\t<meta name=\"twitter:data1\" content=\"2 minutes\" \/>\n<script type=\"application\/ld+json\" class=\"yoast-schema-graph\">{\"@context\":\"https:\/\/schema.org\",\"@graph\":[{\"@type\":\"WebPage\",\"@id\":\"https:\/\/n2fequipment.fr\/?page_id=426\",\"url\":\"https:\/\/n2fequipment.fr\/?page_id=426\",\"name\":\"A propos -\",\"isPartOf\":{\"@id\":\"https:\/\/n2fequipment.fr\/#website\"},\"primaryImageOfPage\":{\"@id\":\"https:\/\/n2fequipment.fr\/?page_id=426#primaryimage\"},\"image\":{\"@id\":\"https:\/\/n2fequipment.fr\/?page_id=426#primaryimage\"},\"thumbnailUrl\":\"https:\/\/n2fequipment.fr\/wp-content\/uploads\/2025\/06\/aaa6c857-2553-44d7-8dab-715f1c34d040-150x150.png\",\"datePublished\":\"2025-07-21T19:21:45+00:00\",\"dateModified\":\"2025-07-21T19:26:16+00:00\",\"breadcrumb\":{\"@id\":\"https:\/\/n2fequipment.fr\/?page_id=426#breadcrumb\"},\"inLanguage\":\"fr-FR\",\"potentialAction\":[{\"@type\":\"ReadAction\",\"target\":[\"https:\/\/n2fequipment.fr\/?page_id=426\"]}]},{\"@type\":\"ImageObject\",\"inLanguage\":\"fr-FR\",\"@id\":\"https:\/\/n2fequipment.fr\/?page_id=426#primaryimage\",\"url\":\"https:\/\/n2fequipment.fr\/wp-content\/uploads\/2025\/06\/aaa6c857-2553-44d7-8dab-715f1c34d040.png\",\"contentUrl\":\"https:\/\/n2fequipment.fr\/wp-content\/uploads\/2025\/06\/aaa6c857-2553-44d7-8dab-715f1c34d040.png\",\"width\":1024,\"height\":1024},{\"@type\":\"BreadcrumbList\",\"@id\":\"https:\/\/n2fequipment.fr\/?page_id=426#breadcrumb\",\"itemListElement\":[{\"@type\":\"ListItem\",\"position\":1,\"name\":\"Accueil\",\"item\":\"https:\/\/n2fequipment.fr\/\"},{\"@type\":\"ListItem\",\"position\":2,\"name\":\"A propos\"}]},{\"@type\":\"WebSite\",\"@id\":\"https:\/\/n2fequipment.fr\/#website\",\"url\":\"https:\/\/n2fequipment.fr\/\",\"name\":\"\",\"description\":\"\",\"potentialAction\":[{\"@type\":\"SearchAction\",\"target\":{\"@type\":\"EntryPoint\",\"urlTemplate\":\"https:\/\/n2fequipment.fr\/?s={search_term_string}\"},\"query-input\":{\"@type\":\"PropertyValueSpecification\",\"valueRequired\":true,\"valueName\":\"search_term_string\"}}],\"inLanguage\":\"fr-FR\"}]}<\/script>\n<!-- \/ Yoast SEO plugin. -->","yoast_head_json":{"title":"A propos -","robots":{"index":"index","follow":"follow","max-snippet":"max-snippet:-1","max-image-preview":"max-image-preview:large","max-video-preview":"max-video-preview:-1"},"canonical":"https:\/\/n2fequipment.fr\/?page_id=426","og_locale":"fr_FR","og_type":"article","og_title":"A propos -","og_description":"Qui sommes nous ? D\u00e9couvrez nos solutions adapt\u00e9es \u00e0 vos besoins Fabrication fran\u00e7aise Cras quis wisi ut lorem posuere tristique. Nunc vestibulum scelerisque nulla. Suspendisse&hellip;","og_url":"https:\/\/n2fequipment.fr\/?page_id=426","article_modified_time":"2025-07-21T19:26:16+00:00","og_image":[{"width":1024,"height":1024,"url":"https:\/\/n2fequipment.fr\/wp-content\/uploads\/2025\/06\/aaa6c857-2553-44d7-8dab-715f1c34d040.png","type":"image\/png"}],"twitter_card":"summary_large_image","twitter_misc":{"Dur\u00e9e de lecture estim\u00e9e":"2 minutes"},"schema":{"@context":"https:\/\/schema.org","@graph":[{"@type":"WebPage","@id":"https:\/\/n2fequipment.fr\/?page_id=426","url":"https:\/\/n2fequipment.fr\/?page_id=426","name":"A propos -","isPartOf":{"@id":"https:\/\/n2fequipment.fr\/#website"},"primaryImageOfPage":{"@id":"https:\/\/n2fequipment.fr\/?page_id=426#primaryimage"},"image":{"@id":"https:\/\/n2fequipment.fr\/?page_id=426#primaryimage"},"thumbnailUrl":"https:\/\/n2fequipment.fr\/wp-content\/uploads\/2025\/06\/aaa6c857-2553-44d7-8dab-715f1c34d040-150x150.png","datePublished":"2025-07-21T19:21:45+00:00","dateModified":"2025-07-21T19:26:16+00:00","breadcrumb":{"@id":"https:\/\/n2fequipment.fr\/?page_id=426#breadcrumb"},"inLanguage":"fr-FR","potentialAction":[{"@type":"ReadAction","target":["https:\/\/n2fequipment.fr\/?page_id=426"]}]},{"@type":"ImageObject","inLanguage":"fr-FR","@id":"https:\/\/n2fequipment.fr\/?page_id=426#primaryimage","url":"https:\/\/n2fequipment.fr\/wp-content\/uploads\/2025\/06\/aaa6c857-2553-44d7-8dab-715f1c34d040.png","contentUrl":"https:\/\/n2fequipment.fr\/wp-content\/uploads\/2025\/06\/aaa6c857-2553-44d7-8dab-715f1c34d040.png","width":1024,"height":1024},{"@type":"BreadcrumbList","@id":"https:\/\/n2fequipment.fr\/?page_id=426#breadcrumb","itemListElement":[{"@type":"ListItem","position":1,"name":"Accueil","item":"https:\/\/n2fequipment.fr\/"},{"@type":"ListItem","position":2,"name":"A propos"}]},{"@type":"WebSite","@id":"https:\/\/n2fequipment.fr\/#website","url":"https:\/\/n2fequipment.fr\/","name":"","description":"","potentialAction":[{"@type":"SearchAction","target":{"@type":"EntryPoint","urlTemplate":"https:\/\/n2fequipment.fr\/?s={search_term_string}"},"query-input":{"@type":"PropertyValueSpecification","valueRequired":true,"valueName":"search_term_string"}}],"inLanguage":"fr-FR"}]}},"_links":{"self":[{"href":"https:\/\/n2fequipment.fr\/index.php?rest_route=\/wp\/v2\/pages\/426","targetHints":{"allow":["GET"]}}],"collection":[{"href":"https:\/\/n2fequipment.fr\/index.php?rest_route=\/wp\/v2\/pages"}],"about":[{"href":"https:\/\/n2fequipment.fr\/index.php?rest_route=\/wp\/v2\/types\/page"}],"author":[{"embeddable":true,"href":"https:\/\/n2fequipment.fr\/index.php?rest_route=\/wp\/v2\/users\/1"}],"replies":[{"embeddable":true,"href":"https:\/\/n2fequipment.fr\/index.php?rest_route=%2Fwp%2Fv2%2Fcomments&post=426"}],"version-history":[{"count":7,"href":"https:\/\/n2fequipment.fr\/index.php?rest_route=\/wp\/v2\/pages\/426\/revisions"}],"predecessor-version":[{"id":440,"href":"https:\/\/n2fequipment.fr\/index.php?rest_route=\/wp\/v2\/pages\/426\/revisions\/440"}],"wp:attachment":[{"href":"https:\/\/n2fequipment.fr\/index.php?rest_route=%2Fwp%2Fv2%2Fmedia&parent=426"}],"curies":[{"name":"wp","href":"https:\/\/api.w.org\/{rel}","templated":true}]}}